{"id":8430,"date":"2022-08-23T08:41:05","date_gmt":"2022-08-23T08:41:05","guid":{"rendered":"https:\/\/learning.agriwater.eu\/?page_id=8430"},"modified":"2022-08-23T10:27:06","modified_gmt":"2022-08-23T10:27:06","slug":"informacni-listy","status":"publish","type":"page","link":"https:\/\/learning.agriwater.eu\/cs\/informacni-listy","title":{"rendered":"Informa\u010dn\u00ed listy"},"content":{"rendered":"\t\t<div data-elementor-type=\"wp-page\" data-elementor-id=\"8430\" class=\"elementor elementor-8430 elementor-5068\" data-elementor-post-type=\"page\">\n\t\t\t\t\t\t<section data-dce-background-color=\"#000000\" data-dce-background-overlay-color=\"#000000\" data-dce-background-image-url=\"https:\/\/learning.agriwater.eu\/wp-content\/uploads\/2021\/09\/shutterstock_1366229246-scaled.jpg\" class=\"elementor-section elementor-top-section elementor-element elementor-element-0cfc9ec elementor-section-height-min-height elementor-section-items-top elementor-section-boxed elementor-section-height-default\" data-id=\"0cfc9ec\" data-element_type=\"section\" data-settings=\"{&quot;background_background&quot;:&quot;classic&quot;,&quot;shape_divider_bottom&quot;:&quot;waves&quot;}\">\n\t\t\t\t\t\t\t<div class=\"elementor-background-overlay\"><\/div>\n\t\t\t\t\t\t<div class=\"elementor-shape elementor-shape-bottom\" data-negative=\"false\">\n\t\t\t<svg xmlns=\"http:\/\/www.w3.org\/2000\/svg\" viewBox=\"0 0 1000 100\" preserveAspectRatio=\"none\">\n\t<path class=\"elementor-shape-fill\" d=\"M421.9,6.5c22.6-2.5,51.5,0.4,75.5,5.3c23.6,4.9,70.9,23.5,100.5,35.7c75.8,32.2,133.7,44.5,192.6,49.7\n\tc23.6,2.1,48.7,3.5,103.4-2.5c54.7-6,106.2-25.6,106.2-25.6V0H0v30.3c0,0,72,32.6,158.4,30.5c39.2-0.7,92.8-6.7,134-22.4\n\tc21.2-8.1,52.2-18.2,79.7-24.2C399.3,7.9,411.6,7.5,421.9,6.5z\"\/>\n<\/svg>\t\t<\/div>\n\t\t\t\t\t<div class=\"elementor-container elementor-column-gap-default\">\n\t\t\t\t\t<div class=\"elementor-column elementor-col-100 elementor-top-column elementor-element elementor-element-643b5c2\" data-id=\"643b5c2\" data-element_type=\"column\">\n\t\t\t<div class=\"elementor-widget-wrap elementor-element-populated\">\n\t\t\t\t\t\t<div class=\"elementor-element elementor-element-842107d elementor-widget elementor-widget-spacer\" data-id=\"842107d\" data-element_type=\"widget\" data-widget_type=\"spacer.default\">\n\t\t\t\t<div class=\"elementor-widget-container\">\n\t\t\t\t\t\t\t<div class=\"elementor-spacer\">\n\t\t\t<div class=\"elementor-spacer-inner\"><\/div>\n\t\t<\/div>\n\t\t\t\t\t\t<\/div>\n\t\t\t\t<\/div>\n\t\t\t\t<section class=\"elementor-section elementor-inner-section elementor-element elementor-element-02a9034 elementor-section-boxed elementor-section-height-default elementor-section-height-default\" data-id=\"02a9034\" data-element_type=\"section\">\n\t\t\t\t\t\t<div class=\"elementor-container elementor-column-gap-default\">\n\t\t\t\t\t<div class=\"elementor-column elementor-col-100 elementor-inner-column elementor-element elementor-element-e6d83b8\" data-id=\"e6d83b8\" data-element_type=\"column\">\n\t\t\t<div class=\"elementor-widget-wrap elementor-element-populated\">\n\t\t\t\t\t\t<div class=\"elementor-element elementor-element-29a5c39 elementor-widget__width-auto elementor-widget elementor-widget-heading\" data-id=\"29a5c39\" data-element_type=\"widget\" data-widget_type=\"heading.default\">\n\t\t\t\t<div class=\"elementor-widget-container\">\n\t\t\t\t\t<p class=\"elementor-heading-title elementor-size-default\"><a href=\"https:\/\/learning.agriwater.eu\/cs\">Dom\u016f<\/a><\/p>\t\t\t\t<\/div>\n\t\t\t\t<\/div>\n\t\t\t\t<div class=\"elementor-element elementor-element-7fdb856 elementor-widget__width-auto elementor-widget elementor-widget-heading\" data-id=\"7fdb856\" data-element_type=\"widget\" data-widget_type=\"heading.default\">\n\t\t\t\t<div class=\"elementor-widget-container\">\n\t\t\t\t\t<div class=\"elementor-heading-title elementor-size-default\">><\/div>\t\t\t\t<\/div>\n\t\t\t\t<\/div>\n\t\t\t\t\t<\/div>\n\t\t<\/div>\n\t\t\t\t\t<\/div>\n\t\t<\/section>\n\t\t\t\t\t<\/div>\n\t\t<\/div>\n\t\t\t\t\t<\/div>\n\t\t<\/section>\n\t\t\t\t<section class=\"elementor-section elementor-top-section elementor-element elementor-element-49cc081 elementor-section-boxed elementor-section-height-default elementor-section-height-default\" data-id=\"49cc081\" data-element_type=\"section\" data-settings=\"{&quot;background_background&quot;:&quot;classic&quot;}\">\n\t\t\t\t\t\t<div class=\"elementor-container elementor-column-gap-default\">\n\t\t\t\t\t<div class=\"elementor-column elementor-col-33 elementor-top-column elementor-element elementor-element-5114d9d\" data-id=\"5114d9d\" data-element_type=\"column\">\n\t\t\t<div class=\"elementor-widget-wrap\">\n\t\t\t\t\t\t\t<\/div>\n\t\t<\/div>\n\t\t\t\t<div class=\"elementor-column elementor-col-33 elementor-top-column elementor-element elementor-element-7c003e9\" data-id=\"7c003e9\" data-element_type=\"column\">\n\t\t\t<div class=\"elementor-widget-wrap\">\n\t\t\t\t\t\t\t<\/div>\n\t\t<\/div>\n\t\t\t\t<div class=\"elementor-column elementor-col-33 elementor-top-column elementor-element elementor-element-82ca909\" data-id=\"82ca909\" data-element_type=\"column\">\n\t\t\t<div class=\"elementor-widget-wrap elementor-element-populated\">\n\t\t\t\t\t\t<div class=\"elementor-element elementor-element-e4bdfdd elementor-align-justify elementor-widget elementor-widget-button\" data-id=\"e4bdfdd\" data-element_type=\"widget\" data-widget_type=\"button.default\">\n\t\t\t\t<div class=\"elementor-widget-container\">\n\t\t\t\t\t\t\t\t\t<div class=\"elementor-button-wrapper\">\n\t\t\t\t\t<a class=\"elementor-button elementor-button-link elementor-size-sm\" href=\"https:\/\/learning.agriwater.eu\/cs\/vzdelavaci-moduly\">\n\t\t\t\t\t\t<span class=\"elementor-button-content-wrapper\">\n\t\t\t\t\t\t<span class=\"elementor-button-icon\">\n\t\t\t\t<i aria-hidden=\"true\" class=\"fas fa-arrow-left\"><\/i>\t\t\t<\/span>\n\t\t\t\t\t\t\t\t\t<span class=\"elementor-button-text\">P\u0159ej\u00edt na vzd\u011bl\u00e1vac\u00ed moduly<\/span>\n\t\t\t\t\t<\/span>\n\t\t\t\t\t<\/a>\n\t\t\t\t<\/div>\n\t\t\t\t\t\t\t\t<\/div>\n\t\t\t\t<\/div>\n\t\t\t\t\t<\/div>\n\t\t<\/div>\n\t\t\t\t\t<\/div>\n\t\t<\/section>\n\t\t\t\t<section class=\"elementor-section elementor-top-section elementor-element elementor-element-303df00 elementor-section-boxed elementor-section-height-default elementor-section-height-default\" data-id=\"303df00\" data-element_type=\"section\">\n\t\t\t\t\t\t<div class=\"elementor-container elementor-column-gap-default\">\n\t\t\t\t\t<div class=\"elementor-column elementor-col-100 elementor-top-column elementor-element elementor-element-916baf6\" data-id=\"916baf6\" data-element_type=\"column\">\n\t\t\t<div class=\"elementor-widget-wrap elementor-element-populated\">\n\t\t\t\t\t\t<div class=\"elementor-element elementor-element-0be1eb5 elementor-button-align-stretch elementor-widget elementor-widget-form\" data-id=\"0be1eb5\" data-element_type=\"widget\" data-settings=\"{&quot;step_next_label&quot;:&quot;Dal\\u0161\\u00ed&quot;,&quot;step_previous_label&quot;:&quot;P\\u0159edchoz\\u00ed&quot;,&quot;step_type&quot;:&quot;progress_bar&quot;,&quot;button_width&quot;:&quot;100&quot;,&quot;dce_confirm_dialog_enabled&quot;:&quot;no&quot;,&quot;label_icon_size&quot;:{&quot;unit&quot;:&quot;px&quot;,&quot;size&quot;:&quot;&quot;,&quot;sizes&quot;:[]},&quot;field_icon_size&quot;:{&quot;unit&quot;:&quot;px&quot;,&quot;size&quot;:&quot;&quot;,&quot;sizes&quot;:[]}}\" data-widget_type=\"form.default\">\n\t\t\t\t<div class=\"elementor-widget-container\">\n\t\t\t\t\t\t\t<form class=\"elementor-form elementor-form-steps\" method=\"post\" name=\"New Form\">\n\t\t\t<input type=\"hidden\" name=\"post_id\" value=\"8430\"\/>\n\t\t\t<input type=\"hidden\" name=\"form_id\" value=\"0be1eb5\"\/>\n\t\t\t<input type=\"hidden\" name=\"referer_title\" value=\"LearningHub &#8211; AGRIWATER\" \/>\n\n\t\t\t\n\t\t\t<div class=\"elementor-form-fields-wrapper elementor-labels-above\">\n\t\t\t\t\t\t\t\t<div class=\"elementor-field-type-step elementor-field-group elementor-column elementor-field-group-name elementor-col-100\">\n\t\t\t\t\t\t\t<div class=\"e-field-step elementor-hidden\" data-label=\"Step 1\" data-previousButton=\"Previous\" data-nextButton=\"Next\" data-iconUrl=\"\" data-iconLibrary=\"fas fa-star\" data-icon=\"\" ><\/div>\n\n\t\t\t\t\t\t<\/div>\n\t\t\t\t\t\t\t\t<div class=\"elementor-field-type-radio elementor-field-group elementor-column elementor-field-group-categories elementor-col-100 elementor-field-required elementor-mark-required\">\n\t\t\t\t\t\t\t\t\t\t\t\t<label for=\"form-field-categories\" class=\"elementor-field-label\">\n\t\t\t\t\t\t\t\tVyberte ot\u00e1zku \/ v\u00fdzvu \/ probl\u00e9m\t\t\t\t\t\t\t<\/label>\n\t\t\t\t\t\t<div class=\"elementor-field-subgroup  elementor-subgroup-inline\"><span class=\"elementor-field-option\"><input type=\"radio\" value=\"zmeny-v-dostupnosti-vody\" id=\"form-field-categories-0\" name=\"form_fields[categories]\" required=\"required\"> <label for=\"form-field-categories-0\">Reakce na zm\u011bny v dostupnosti vody<\/label><\/span><span class=\"elementor-field-option\"><input type=\"radio\" value=\"povodne-a-sucha\" id=\"form-field-categories-1\" name=\"form_fields[categories]\" required=\"required\"> <label for=\"form-field-categories-1\">Reakce na povodn\u011b a sucha<\/label><\/span><span class=\"elementor-field-option\"><input type=\"radio\" value=\"zvysene-pozadavky-na-zavlazovani\" id=\"form-field-categories-2\" name=\"form_fields[categories]\" required=\"required\"> <label for=\"form-field-categories-2\">Reakce na zv\u00fd\u0161en\u00e9 po\u017eadavky na zavla\u017eov\u00e1n\u00ed<\/label><\/span><span class=\"elementor-field-option\"><input type=\"radio\" value=\"zhorseni-kvality-vody-a-pudy\" id=\"form-field-categories-3\" name=\"form_fields[categories]\" required=\"required\"> <label for=\"form-field-categories-3\">Reakce na zhor\u0161en\u00ed kvality vody a p\u016fdy<\/label><\/span><span class=\"elementor-field-option\"><input type=\"radio\" value=\"ztratu-biodiverzity\" id=\"form-field-categories-4\" name=\"form_fields[categories]\" required=\"required\"> <label for=\"form-field-categories-4\">Reakce na ztr\u00e1tu biodiverzity<\/label><\/span><\/div>\t\t\t\t<\/div>\n\t\t\t\t\t\t\t\t<div class=\"elementor-field-type-step elementor-field-group elementor-column elementor-field-group-message elementor-col-100\">\n\t\t\t\t\t\t\t<div class=\"e-field-step elementor-hidden\" data-label=\"Step 2\" data-previousButton=\"\" data-nextButton=\"\" data-iconUrl=\"\" data-iconLibrary=\"fas fa-star\" data-icon=\"\" ><\/div>\n\n\t\t\t\t\t\t<\/div>\n\t\t\t\t\t\t\t\t<div class=\"elementor-field-type-radio elementor-field-group elementor-column elementor-field-group-strategies elementor-col-100 elementor-field-required elementor-mark-required\">\n\t\t\t\t\t\t\t\t\t\t\t\t<label for=\"form-field-strategies\" class=\"elementor-field-label\">\n\t\t\t\t\t\t\t\tP\u0159\u00edstup \/ \u0158e\u0161en\u00ed\t\t\t\t\t\t\t<\/label>\n\t\t\t\t\t\t<div class=\"elementor-field-subgroup  \"><span class=\"elementor-field-option\"><input type=\"radio\" value=\"Technologicke\" id=\"form-field-strategies-0\" name=\"form_fields[strategies]\" required=\"required\"> <label for=\"form-field-strategies-0\">Technologick\u00e9<\/label><\/span><span class=\"elementor-field-option\"><input type=\"radio\" value=\"Technicke\" id=\"form-field-strategies-1\" name=\"form_fields[strategies]\" required=\"required\"> <label for=\"form-field-strategies-1\">Technick\u00e9<\/label><\/span><span class=\"elementor-field-option\"><input type=\"radio\" value=\"Agronomicke\" id=\"form-field-strategies-2\" name=\"form_fields[strategies]\" required=\"required\"> <label for=\"form-field-strategies-2\">Agronomick\u00e9<\/label><\/span><span class=\"elementor-field-option\"><input type=\"radio\" value=\"Ekonomicke\" id=\"form-field-strategies-3\" name=\"form_fields[strategies]\" required=\"required\"> <label for=\"form-field-strategies-3\">Ekonomick\u00e9<\/label><\/span><\/div>\t\t\t\t<\/div>\n\t\t\t\t\t\t\t\t<div class=\"elementor-field-type-dce_js_field elementor-field-group elementor-column elementor-field-group-rescode elementor-col-100\">\n\t\t\t\t\t\t\t\t\t\t\t\t<label for=\"form-field-rescode\" class=\"elementor-field-label\">\n\t\t\t\t\t\t\t\tResult Code\t\t\t\t\t\t\t<\/label>\n\t\t\t\t\t\t<input size=\"1\"type=\"dce_js_field text\" name=\"form_fields[rescode]\" id=\"form-field-rescode\" class=\"elementor-field elementor-size-sm  elementor-field-textual\" data-hide=\"yes\" data-field-code=\"return () =&gt; {\n    return getField(&quot;categories&quot;) + getField(&quot;strategies&quot;);\n};\" data-real-time=\"\" readonly=\"\">\t\t\t\t<\/div>\n\t\t\t\t\t\t\t\t<div class=\"elementor-field-group elementor-column elementor-field-type-submit elementor-col-100 e-form__buttons\">\n\t\t\t\t\t<button class=\"elementor-button elementor-size-sm\" type=\"submit\">\n\t\t\t\t\t\t<span class=\"elementor-button-content-wrapper\">\n\t\t\t\t\t\t\t\t\t\t\t\t\t\t\t\t\t\t\t\t\t\t<span class=\"elementor-button-text\">Dokon\u010dit<\/span>\n\t\t\t\t\t\t\t\t\t\t\t\t\t<\/span>\n\t\t\t\t\t<\/button>\n\t\t\t\t<\/div>\n\t\t\t<\/div>\n\t\t<\/form>\n\t\t\t\t\t\t<\/div>\n\t\t\t\t<\/div>\n\t\t\t\t<div class=\"elementor-element elementor-element-1dbf593 elementor-align-justify elementor-mobile-align-justify elementor-widget elementor-widget-button\" data-id=\"1dbf593\" data-element_type=\"widget\" data-widget_type=\"button.default\">\n\t\t\t\t<div class=\"elementor-widget-container\">\n\t\t\t\t\t\t\t\t\t<div class=\"elementor-button-wrapper\">\n\t\t\t\t\t<a class=\"elementor-button elementor-button-link elementor-size-sm\" href=\"https:\/\/learning.agriwater.eu\/cs\/all-factsheets\">\n\t\t\t\t\t\t<span class=\"elementor-button-content-wrapper\">\n\t\t\t\t\t\t<span class=\"elementor-button-icon\">\n\t\t\t\t<i aria-hidden=\"true\" class=\"fas fa-clipboard-check\"><\/i>\t\t\t<\/span>\n\t\t\t\t\t\t\t\t\t<span class=\"elementor-button-text\">Zobrazit v\u0161echny informa\u010dn\u00ed listy<\/span>\n\t\t\t\t\t<\/span>\n\t\t\t\t\t<\/a>\n\t\t\t\t<\/div>\n\t\t\t\t\t\t\t\t<\/div>\n\t\t\t\t<\/div>\n\t\t\t\t\t<\/div>\n\t\t<\/div>\n\t\t\t\t\t<\/div>\n\t\t<\/section>\n\t\t\t\t<\/div>\n\t\t","protected":false},"excerpt":{"rendered":"<p>Dom\u016f > P\u0159ej\u00edt na vzd\u011bl\u00e1vac\u00ed moduly Zobrazit v\u0161echny informa\u010dn\u00ed listy<\/p>\n","protected":false},"author":1,"featured_media":0,"parent":0,"menu_order":0,"comment_status":"closed","ping_status":"closed","template":"elementor_header_footer","meta":{"_acf_changed":false,"footnotes":""},"class_list":["post-8430","page","type-page","status-publish","hentry"],"acf":[],"yoast_head":"<!-- This site is optimized with the Yoast SEO plugin v24.7 - https:\/\/yoast.com\/wordpress\/plugins\/seo\/ -->\n<title>Informa\u010dn\u00ed listy - LearningHub - AGRIWATER<\/title>\n<meta name=\"robots\" content=\"index, follow, max-snippet:-1, max-image-preview:large, max-video-preview:-1\" \/>\n<link rel=\"canonical\" href=\"https:\/\/learning.agriwater.eu\/factsheets\" \/>\n<meta property=\"og:locale\" content=\"cs_CZ\" \/>\n<meta property=\"og:type\" content=\"article\" \/>\n<meta property=\"og:title\" content=\"Informa\u010dn\u00ed listy - LearningHub - AGRIWATER\" \/>\n<meta property=\"og:description\" content=\"Dom\u016f &gt; P\u0159ej\u00edt na vzd\u011bl\u00e1vac\u00ed moduly Zobrazit v\u0161echny informa\u010dn\u00ed listy\" \/>\n<meta property=\"og:url\" content=\"https:\/\/learning.agriwater.eu\/factsheets\" \/>\n<meta property=\"og:site_name\" content=\"LearningHub - AGRIWATER\" \/>\n<meta property=\"article:modified_time\" content=\"2022-08-23T10:27:06+00:00\" \/>\n<meta name=\"twitter:card\" content=\"summary_large_image\" \/>\n<script type=\"application\/ld+json\" class=\"yoast-schema-graph\">{\"@context\":\"https:\/\/schema.org\",\"@graph\":[{\"@type\":\"WebPage\",\"@id\":\"https:\/\/learning.agriwater.eu\/factsheets\",\"url\":\"https:\/\/learning.agriwater.eu\/factsheets\",\"name\":\"Informa\u010dn\u00ed listy - LearningHub - AGRIWATER\",\"isPartOf\":{\"@id\":\"https:\/\/learning.agriwater.eu\/#website\"},\"datePublished\":\"2022-08-23T08:41:05+00:00\",\"dateModified\":\"2022-08-23T10:27:06+00:00\",\"breadcrumb\":{\"@id\":\"https:\/\/learning.agriwater.eu\/factsheets#breadcrumb\"},\"inLanguage\":\"cs\",\"potentialAction\":[{\"@type\":\"ReadAction\",\"target\":[\"https:\/\/learning.agriwater.eu\/factsheets\"]}]},{\"@type\":\"BreadcrumbList\",\"@id\":\"https:\/\/learning.agriwater.eu\/factsheets#breadcrumb\",\"itemListElement\":[{\"@type\":\"ListItem\",\"position\":1,\"name\":\"Home\",\"item\":\"https:\/\/learning.agriwater.eu\/cs\"},{\"@type\":\"ListItem\",\"position\":2,\"name\":\"Informa\u010dn\u00ed listy\"}]},{\"@type\":\"WebSite\",\"@id\":\"https:\/\/learning.agriwater.eu\/#website\",\"url\":\"https:\/\/learning.agriwater.eu\/\",\"name\":\"LearningHub - AGRIWATER\",\"description\":\"\",\"publisher\":{\"@id\":\"https:\/\/learning.agriwater.eu\/#organization\"},\"potentialAction\":[{\"@type\":\"SearchAction\",\"target\":{\"@type\":\"EntryPoint\",\"urlTemplate\":\"https:\/\/learning.agriwater.eu\/?s={search_term_string}\"},\"query-input\":{\"@type\":\"PropertyValueSpecification\",\"valueRequired\":true,\"valueName\":\"search_term_string\"}}],\"inLanguage\":\"cs\"},{\"@type\":\"Organization\",\"@id\":\"https:\/\/learning.agriwater.eu\/#organization\",\"name\":\"LearningHub - AGRIWATER\",\"url\":\"https:\/\/learning.agriwater.eu\/\",\"logo\":{\"@type\":\"ImageObject\",\"inLanguage\":\"cs\",\"@id\":\"https:\/\/learning.agriwater.eu\/#\/schema\/logo\/image\/\",\"url\":\"https:\/\/learning.agriwater.eu\/wp-content\/uploads\/2021\/09\/cropped-Agriwater_RGB.png\",\"contentUrl\":\"https:\/\/learning.agriwater.eu\/wp-content\/uploads\/2021\/09\/cropped-Agriwater_RGB.png\",\"width\":2068,\"height\":769,\"caption\":\"LearningHub - AGRIWATER\"},\"image\":{\"@id\":\"https:\/\/learning.agriwater.eu\/#\/schema\/logo\/image\/\"}}]}<\/script>\n<!-- \/ Yoast SEO plugin. -->","yoast_head_json":{"title":"Informa\u010dn\u00ed listy - LearningHub - AGRIWATER","robots":{"index":"index","follow":"follow","max-snippet":"max-snippet:-1","max-image-preview":"max-image-preview:large","max-video-preview":"max-video-preview:-1"},"canonical":"https:\/\/learning.agriwater.eu\/factsheets","og_locale":"cs_CZ","og_type":"article","og_title":"Informa\u010dn\u00ed listy - LearningHub - AGRIWATER","og_description":"Dom\u016f > P\u0159ej\u00edt na vzd\u011bl\u00e1vac\u00ed moduly Zobrazit v\u0161echny informa\u010dn\u00ed listy","og_url":"https:\/\/learning.agriwater.eu\/factsheets","og_site_name":"LearningHub - AGRIWATER","article_modified_time":"2022-08-23T10:27:06+00:00","twitter_card":"summary_large_image","schema":{"@context":"https:\/\/schema.org","@graph":[{"@type":"WebPage","@id":"https:\/\/learning.agriwater.eu\/factsheets","url":"https:\/\/learning.agriwater.eu\/factsheets","name":"Informa\u010dn\u00ed listy - LearningHub - AGRIWATER","isPartOf":{"@id":"https:\/\/learning.agriwater.eu\/#website"},"datePublished":"2022-08-23T08:41:05+00:00","dateModified":"2022-08-23T10:27:06+00:00","breadcrumb":{"@id":"https:\/\/learning.agriwater.eu\/factsheets#breadcrumb"},"inLanguage":"cs","potentialAction":[{"@type":"ReadAction","target":["https:\/\/learning.agriwater.eu\/factsheets"]}]},{"@type":"BreadcrumbList","@id":"https:\/\/learning.agriwater.eu\/factsheets#breadcrumb","itemListElement":[{"@type":"ListItem","position":1,"name":"Home","item":"https:\/\/learning.agriwater.eu\/cs"},{"@type":"ListItem","position":2,"name":"Informa\u010dn\u00ed listy"}]},{"@type":"WebSite","@id":"https:\/\/learning.agriwater.eu\/#website","url":"https:\/\/learning.agriwater.eu\/","name":"LearningHub - AGRIWATER","description":"","publisher":{"@id":"https:\/\/learning.agriwater.eu\/#organization"},"potentialAction":[{"@type":"SearchAction","target":{"@type":"EntryPoint","urlTemplate":"https:\/\/learning.agriwater.eu\/?s={search_term_string}"},"query-input":{"@type":"PropertyValueSpecification","valueRequired":true,"valueName":"search_term_string"}}],"inLanguage":"cs"},{"@type":"Organization","@id":"https:\/\/learning.agriwater.eu\/#organization","name":"LearningHub - AGRIWATER","url":"https:\/\/learning.agriwater.eu\/","logo":{"@type":"ImageObject","inLanguage":"cs","@id":"https:\/\/learning.agriwater.eu\/#\/schema\/logo\/image\/","url":"https:\/\/learning.agriwater.eu\/wp-content\/uploads\/2021\/09\/cropped-Agriwater_RGB.png","contentUrl":"https:\/\/learning.agriwater.eu\/wp-content\/uploads\/2021\/09\/cropped-Agriwater_RGB.png","width":2068,"height":769,"caption":"LearningHub - AGRIWATER"},"image":{"@id":"https:\/\/learning.agriwater.eu\/#\/schema\/logo\/image\/"}}]}},"_links":{"self":[{"href":"https:\/\/learning.agriwater.eu\/cs\/wp-json\/wp\/v2\/pages\/8430","targetHints":{"allow":["GET"]}}],"collection":[{"href":"https:\/\/learning.agriwater.eu\/cs\/wp-json\/wp\/v2\/pages"}],"about":[{"href":"https:\/\/learning.agriwater.eu\/cs\/wp-json\/wp\/v2\/types\/page"}],"author":[{"embeddable":true,"href":"https:\/\/learning.agriwater.eu\/cs\/wp-json\/wp\/v2\/users\/1"}],"replies":[{"embeddable":true,"href":"https:\/\/learning.agriwater.eu\/cs\/wp-json\/wp\/v2\/comments?post=8430"}],"version-history":[{"count":0,"href":"https:\/\/learning.agriwater.eu\/cs\/wp-json\/wp\/v2\/pages\/8430\/revisions"}],"wp:attachment":[{"href":"https:\/\/learning.agriwater.eu\/cs\/wp-json\/wp\/v2\/media?parent=8430"}],"curies":[{"name":"wp","href":"https:\/\/api.w.org\/{rel}","templated":true}]}}