{"id":10353,"date":"2022-09-29T07:13:44","date_gmt":"2022-09-29T07:13:44","guid":{"rendered":"https:\/\/learning.agriwater.eu\/?page_id=10353"},"modified":"2025-03-24T12:39:52","modified_gmt":"2025-03-24T12:39:52","slug":"publicacion-de-sensibilizacion","status":"publish","type":"page","link":"https:\/\/learning.agriwater.eu\/es\/publicacion-de-sensibilizacion","title":{"rendered":"Publicaci\u00f3n de Sensibilizaci\u00f3n"},"content":{"rendered":"\t\t<div data-elementor-type=\"wp-page\" data-elementor-id=\"10353\" class=\"elementor elementor-10353 elementor-10082\" data-elementor-post-type=\"page\">\n\t\t\t\t<div data-dce-background-color=\"#000000\" data-dce-background-overlay-color=\"#000000\" data-dce-background-image-url=\"https:\/\/learning.agriwater.eu\/wp-content\/uploads\/2021\/09\/shutterstock_1366229246-scaled.jpg\" class=\"elementor-element elementor-element-a4aa8b6 e-flex e-con-boxed e-con e-parent\" data-id=\"a4aa8b6\" data-element_type=\"container\" id=\"top\" data-settings=\"{&quot;background_background&quot;:&quot;classic&quot;,&quot;shape_divider_bottom&quot;:&quot;waves&quot;}\">\n\t\t\t\t\t<div class=\"e-con-inner\">\n\t\t\t\t<div class=\"elementor-shape elementor-shape-bottom\" data-negative=\"false\">\n\t\t\t<svg xmlns=\"http:\/\/www.w3.org\/2000\/svg\" viewBox=\"0 0 1000 100\" preserveAspectRatio=\"none\">\n\t<path class=\"elementor-shape-fill\" d=\"M421.9,6.5c22.6-2.5,51.5,0.4,75.5,5.3c23.6,4.9,70.9,23.5,100.5,35.7c75.8,32.2,133.7,44.5,192.6,49.7\n\tc23.6,2.1,48.7,3.5,103.4-2.5c54.7-6,106.2-25.6,106.2-25.6V0H0v30.3c0,0,72,32.6,158.4,30.5c39.2-0.7,92.8-6.7,134-22.4\n\tc21.2-8.1,52.2-18.2,79.7-24.2C399.3,7.9,411.6,7.5,421.9,6.5z\"\/>\n<\/svg>\t\t<\/div>\n\t\t<div class=\"elementor-element elementor-element-9846b9c e-con-full e-flex e-con e-child\" data-id=\"9846b9c\" data-element_type=\"container\">\n\t\t<div class=\"elementor-element elementor-element-b594409 e-con-full e-flex e-con e-child\" data-id=\"b594409\" data-element_type=\"container\">\n\t\t\t\t<\/div>\n\t\t<div class=\"elementor-element elementor-element-906be2b e-con-full e-flex e-con e-child\" data-id=\"906be2b\" data-element_type=\"container\">\n\t\t\t\t<div class=\"elementor-element elementor-element-3e1f25b elementor-widget__width-auto elementor-widget elementor-widget-heading\" data-id=\"3e1f25b\" data-element_type=\"widget\" data-widget_type=\"heading.default\">\n\t\t\t\t<div class=\"elementor-widget-container\">\n\t\t\t\t\t<p class=\"elementor-heading-title elementor-size-default\"><a href=\"https:\/\/learning.agriwater.eu\/home-page\">Inicio<\/a><\/p>\t\t\t\t<\/div>\n\t\t\t\t<\/div>\n\t\t\t\t<div class=\"elementor-element elementor-element-8f4b1e4 elementor-widget__width-auto elementor-widget elementor-widget-heading\" data-id=\"8f4b1e4\" data-element_type=\"widget\" data-widget_type=\"heading.default\">\n\t\t\t\t<div class=\"elementor-widget-container\">\n\t\t\t\t\t<div class=\"elementor-heading-title elementor-size-default\">><\/div>\t\t\t\t<\/div>\n\t\t\t\t<\/div>\n\t\t\t\t<\/div>\n\t\t\t\t<\/div>\n\t\t\t\t\t<\/div>\n\t\t\t\t<\/div>\n\t\t<div data-dce-background-color=\"#3BAFE3\" class=\"elementor-element elementor-element-ac48ce8 e-flex e-con-boxed e-con e-parent\" data-id=\"ac48ce8\" data-element_type=\"container\" data-settings=\"{&quot;background_background&quot;:&quot;classic&quot;}\">\n\t\t\t\t\t<div class=\"e-con-inner\">\n\t\t\t\t\t<\/div>\n\t\t\t\t<\/div>\n\t\t<div class=\"elementor-element elementor-element-864f20d e-flex e-con-boxed e-con e-parent\" data-id=\"864f20d\" data-element_type=\"container\">\n\t\t\t\t\t<div class=\"e-con-inner\">\n\t\t<div class=\"elementor-element elementor-element-128eb8d e-con-full e-flex e-con e-child\" data-id=\"128eb8d\" data-element_type=\"container\">\n\t\t\t\t<div class=\"elementor-element elementor-element-eeef570 elementor-widget elementor-widget-heading\" data-id=\"eeef570\" data-element_type=\"widget\" data-widget_type=\"heading.default\">\n\t\t\t\t<div class=\"elementor-widget-container\">\n\t\t\t\t\t<h2 class=\"elementor-heading-title elementor-size-default\">Publicaci\u00f3n de Sensibilizaci\u00f3n<\/h2>\t\t\t\t<\/div>\n\t\t\t\t<\/div>\n\t\t\t\t<div class=\"elementor-element elementor-element-cea830f elementor-widget-divider--view-line elementor-widget elementor-widget-divider\" data-id=\"cea830f\" data-element_type=\"widget\" data-widget_type=\"divider.default\">\n\t\t\t\t<div class=\"elementor-widget-container\">\n\t\t\t\t\t\t\t<div class=\"elementor-divider\">\n\t\t\t<span class=\"elementor-divider-separator\">\n\t\t\t\t\t\t<\/span>\n\t\t<\/div>\n\t\t\t\t\t\t<\/div>\n\t\t\t\t<\/div>\n\t\t\t\t<div class=\"elementor-element elementor-element-c099a9c animated-slow elementor-invisible elementor-widget elementor-widget-text-editor\" data-id=\"c099a9c\" data-element_type=\"widget\" data-settings=\"{&quot;_animation&quot;:&quot;fadeIn&quot;}\" data-widget_type=\"text-editor.default\">\n\t\t\t\t<div class=\"elementor-widget-container\">\n\t\t\t\t\t\t\t\t\t<p><span style=\"font-weight: 400;\">Uno de los principales objetivos del proyecto AGRIWATER es sensibilizar a los agricultores\/propietarios de tierras y a todas las partes interesadas estrechamente relacionadas con la agricultura sobre los problemas del cambio clim\u00e1tico. M\u00e1s concretamente, el proyecto informa a los interesados sobre las repercusiones del cambio clim\u00e1tico en el paisaje agr\u00edcola, al tiempo que les anima a tomar medidas en sus explotaciones para hacer frente a los impactos. <\/span><\/p><p><span style=\"font-weight: 400;\">En el marco del proyecto, se han desarrollado dos documentos concisos sobre los siguientes temas: <\/span><\/p><ul><li style=\"font-weight: 400;\" aria-level=\"1\"><span style=\"font-weight: 400;\">Los impactos del cambio clim\u00e1tico en el paisaje agr\u00edcola. <\/span><\/li><li style=\"font-weight: 400;\" aria-level=\"1\"><span style=\"font-weight: 400;\">Ejemplos de estrategias de adaptaci\u00f3n y gesti\u00f3n del agua para una adaptaci\u00f3n m\u00e1s eficaz a las condiciones clim\u00e1ticas cambiantes (sequ\u00eda, escasez de agua, etc.).<\/span><\/li><li style=\"font-weight: 400;\" aria-level=\"1\"><span style=\"font-weight: 400;\">Formas de apoyar a los agricultores.<\/span><\/li><\/ul>\t\t\t\t\t\t\t\t<\/div>\n\t\t\t\t<\/div>\n\t\t\t\t<\/div>\n\t\t\t\t\t<\/div>\n\t\t\t\t<\/div>\n\t\t<div class=\"elementor-element elementor-element-ccaad2f e-flex e-con-boxed e-con e-parent\" data-id=\"ccaad2f\" data-element_type=\"container\">\n\t\t\t\t\t<div class=\"e-con-inner\">\n\t\t<div class=\"elementor-element elementor-element-63e14e4 e-con-full e-flex e-con e-child\" data-id=\"63e14e4\" data-element_type=\"container\">\n\t\t\t\t<div class=\"elementor-element elementor-element-bae4de2 elementor-widget elementor-widget-heading\" data-id=\"bae4de2\" data-element_type=\"widget\" data-widget_type=\"heading.default\">\n\t\t\t\t<div class=\"elementor-widget-container\">\n\t\t\t\t\t<h4 class=\"elementor-heading-title elementor-size-default\">Infograf\u00eda <\/h4>\t\t\t\t<\/div>\n\t\t\t\t<\/div>\n\t\t\t\t<div class=\"elementor-element elementor-element-c7dcec3 elementor-widget elementor-widget-gallery\" data-id=\"c7dcec3\" data-element_type=\"widget\" data-settings=\"{&quot;columns&quot;:1,&quot;columns_tablet&quot;:1,&quot;lazyload&quot;:&quot;yes&quot;,&quot;gallery_layout&quot;:&quot;grid&quot;,&quot;columns_mobile&quot;:1,&quot;gap&quot;:{&quot;unit&quot;:&quot;px&quot;,&quot;size&quot;:10,&quot;sizes&quot;:[]},&quot;gap_tablet&quot;:{&quot;unit&quot;:&quot;px&quot;,&quot;size&quot;:10,&quot;sizes&quot;:[]},&quot;gap_mobile&quot;:{&quot;unit&quot;:&quot;px&quot;,&quot;size&quot;:10,&quot;sizes&quot;:[]},&quot;link_to&quot;:&quot;file&quot;,&quot;aspect_ratio&quot;:&quot;3:2&quot;,&quot;overlay_background&quot;:&quot;yes&quot;,&quot;content_hover_animation&quot;:&quot;fade-in&quot;}\" data-widget_type=\"gallery.default\">\n\t\t\t\t<div class=\"elementor-widget-container\">\n\t\t\t\t\t\t\t<div class=\"elementor-gallery__container\">\n\t\t\t\t\t\t\t<a class=\"e-gallery-item elementor-gallery-item elementor-animated-content\" href=\"https:\/\/learning.agriwater.eu\/wp-content\/uploads\/2022\/11\/AGRIWATER_Infographic_ES.jpg\" data-elementor-open-lightbox=\"yes\" data-elementor-lightbox-slideshow=\"c7dcec3\" data-e-action-hash=\"#elementor-action%3Aaction%3Dlightbox%26settings%3DeyJpZCI6MTA0OTUsInVybCI6Imh0dHBzOlwvXC9sZWFybmluZy5hZ3Jpd2F0ZXIuZXVcL3dwLWNvbnRlbnRcL3VwbG9hZHNcLzIwMjJcLzExXC9BR1JJV0FURVJfSW5mb2dyYXBoaWNfRVMuanBnIiwic2xpZGVzaG93IjoiYzdkY2VjMyJ9\">\n\t\t\t\t\t<div class=\"e-gallery-image elementor-gallery-item__image\" data-thumbnail=\"https:\/\/learning.agriwater.eu\/wp-content\/uploads\/2022\/11\/AGRIWATER_Infographic_ES.jpg\" data-width=\"1790\" data-height=\"1276\" aria-label=\"\" role=\"img\" ><\/div>\n\t\t\t\t\t\t\t\t\t\t\t<div class=\"elementor-gallery-item__overlay\"><\/div>\n\t\t\t\t\t\t\t\t\t\t\t\t\t\t<\/a>\n\t\t\t\t\t<\/div>\n\t\t\t\t\t<\/div>\n\t\t\t\t<\/div>\n\t\t\t\t<div class=\"elementor-element elementor-element-4d0cad9 elementor-align-justify elementor-mobile-align-justify elementor-widget__width-initial elementor-widget elementor-widget-button\" data-id=\"4d0cad9\" data-element_type=\"widget\" data-widget_type=\"button.default\">\n\t\t\t\t<div class=\"elementor-widget-container\">\n\t\t\t\t\t\t\t\t\t<div class=\"elementor-button-wrapper\">\n\t\t\t\t\t<a class=\"elementor-button elementor-button-link elementor-size-sm\" href=\"https:\/\/learning.agriwater.eu\/es\/10484\" target=\"_blank\">\n\t\t\t\t\t\t<span class=\"elementor-button-content-wrapper\">\n\t\t\t\t\t\t<span class=\"elementor-button-icon\">\n\t\t\t\t<i aria-hidden=\"true\" class=\"fas fa-file-download\"><\/i>\t\t\t<\/span>\n\t\t\t\t\t\t\t\t\t<span class=\"elementor-button-text\">Descargar PDF<\/span>\n\t\t\t\t\t<\/span>\n\t\t\t\t\t<\/a>\n\t\t\t\t<\/div>\n\t\t\t\t\t\t\t\t<\/div>\n\t\t\t\t<\/div>\n\t\t\t\t<\/div>\n\t\t\t\t\t<\/div>\n\t\t\t\t<\/div>\n\t\t<div class=\"elementor-element elementor-element-6444e10 e-flex e-con-boxed e-con e-parent\" data-id=\"6444e10\" data-element_type=\"container\">\n\t\t\t\t\t<div class=\"e-con-inner\">\n\t\t<div class=\"elementor-element elementor-element-c87b8ca e-con-full e-flex e-con e-child\" data-id=\"c87b8ca\" data-element_type=\"container\">\n\t\t\t\t<div class=\"elementor-element elementor-element-7eed15a elementor-widget elementor-widget-heading\" data-id=\"7eed15a\" data-element_type=\"widget\" data-widget_type=\"heading.default\">\n\t\t\t\t<div class=\"elementor-widget-container\">\n\t\t\t\t\t<h4 class=\"elementor-heading-title elementor-size-default\">Folleto<\/h4>\t\t\t\t<\/div>\n\t\t\t\t<\/div>\n\t\t\t\t<div class=\"elementor-element elementor-element-5c1e35d elementor-widget elementor-widget-gallery\" data-id=\"5c1e35d\" data-element_type=\"widget\" data-settings=\"{&quot;columns&quot;:2,&quot;columns_tablet&quot;:1,&quot;lazyload&quot;:&quot;yes&quot;,&quot;gallery_layout&quot;:&quot;grid&quot;,&quot;columns_mobile&quot;:1,&quot;gap&quot;:{&quot;unit&quot;:&quot;px&quot;,&quot;size&quot;:10,&quot;sizes&quot;:[]},&quot;gap_tablet&quot;:{&quot;unit&quot;:&quot;px&quot;,&quot;size&quot;:10,&quot;sizes&quot;:[]},&quot;gap_mobile&quot;:{&quot;unit&quot;:&quot;px&quot;,&quot;size&quot;:10,&quot;sizes&quot;:[]},&quot;link_to&quot;:&quot;file&quot;,&quot;aspect_ratio&quot;:&quot;3:2&quot;,&quot;overlay_background&quot;:&quot;yes&quot;,&quot;content_hover_animation&quot;:&quot;fade-in&quot;}\" data-widget_type=\"gallery.default\">\n\t\t\t\t<div class=\"elementor-widget-container\">\n\t\t\t\t\t\t\t<div class=\"elementor-gallery__container\">\n\t\t\t\t\t\t\t<a class=\"e-gallery-item elementor-gallery-item elementor-animated-content\" href=\"https:\/\/learning.agriwater.eu\/wp-content\/uploads\/2022\/11\/AGRIWATER_Awareness_Rising_Publication_ES_01.jpg\" data-elementor-open-lightbox=\"yes\" data-elementor-lightbox-slideshow=\"5c1e35d\" data-elementor-lightbox-title=\"AGRIWATER Awareness Rising Publication ES 01\" data-e-action-hash=\"#elementor-action%3Aaction%3Dlightbox%26settings%3DeyJpZCI6MTA4NjEsInVybCI6Imh0dHBzOlwvXC9sZWFybmluZy5hZ3Jpd2F0ZXIuZXVcL3dwLWNvbnRlbnRcL3VwbG9hZHNcLzIwMjJcLzExXC9BR1JJV0FURVJfQXdhcmVuZXNzX1Jpc2luZ19QdWJsaWNhdGlvbl9FU18wMS5qcGciLCJzbGlkZXNob3ciOiI1YzFlMzVkIn0%3D\">\n\t\t\t\t\t<div class=\"e-gallery-image elementor-gallery-item__image\" data-thumbnail=\"https:\/\/learning.agriwater.eu\/wp-content\/uploads\/2022\/11\/AGRIWATER_Awareness_Rising_Publication_ES_01.jpg\" data-width=\"1754\" data-height=\"1241\" aria-label=\"\" role=\"img\" ><\/div>\n\t\t\t\t\t\t\t\t\t\t\t<div class=\"elementor-gallery-item__overlay\"><\/div>\n\t\t\t\t\t\t\t\t\t\t\t\t\t\t<\/a>\n\t\t\t\t\t\t\t<a class=\"e-gallery-item elementor-gallery-item elementor-animated-content\" href=\"https:\/\/learning.agriwater.eu\/wp-content\/uploads\/2022\/11\/AGRIWATER_Awareness_Rising_Publication_ES_02.jpg\" data-elementor-open-lightbox=\"yes\" data-elementor-lightbox-slideshow=\"5c1e35d\" data-elementor-lightbox-title=\"AGRIWATER Awareness Rising Publication ES 02\" data-e-action-hash=\"#elementor-action%3Aaction%3Dlightbox%26settings%3DeyJpZCI6MTA4NjgsInVybCI6Imh0dHBzOlwvXC9sZWFybmluZy5hZ3Jpd2F0ZXIuZXVcL3dwLWNvbnRlbnRcL3VwbG9hZHNcLzIwMjJcLzExXC9BR1JJV0FURVJfQXdhcmVuZXNzX1Jpc2luZ19QdWJsaWNhdGlvbl9FU18wMi5qcGciLCJzbGlkZXNob3ciOiI1YzFlMzVkIn0%3D\">\n\t\t\t\t\t<div class=\"e-gallery-image elementor-gallery-item__image\" data-thumbnail=\"https:\/\/learning.agriwater.eu\/wp-content\/uploads\/2022\/11\/AGRIWATER_Awareness_Rising_Publication_ES_02.jpg\" data-width=\"1754\" data-height=\"1241\" aria-label=\"\" role=\"img\" ><\/div>\n\t\t\t\t\t\t\t\t\t\t\t<div class=\"elementor-gallery-item__overlay\"><\/div>\n\t\t\t\t\t\t\t\t\t\t\t\t\t\t<\/a>\n\t\t\t\t\t<\/div>\n\t\t\t\t\t<\/div>\n\t\t\t\t<\/div>\n\t\t\t\t<div class=\"elementor-element elementor-element-5500c31 elementor-align-justify elementor-mobile-align-justify elementor-widget__width-initial elementor-widget elementor-widget-button\" data-id=\"5500c31\" data-element_type=\"widget\" data-widget_type=\"button.default\">\n\t\t\t\t<div class=\"elementor-widget-container\">\n\t\t\t\t\t\t\t\t\t<div class=\"elementor-button-wrapper\">\n\t\t\t\t\t<a class=\"elementor-button elementor-button-link elementor-size-sm\" href=\"https:\/\/learning.agriwater.eu\/es\/agriwater_awareness_rising_publication_en\" target=\"_blank\">\n\t\t\t\t\t\t<span class=\"elementor-button-content-wrapper\">\n\t\t\t\t\t\t<span class=\"elementor-button-icon\">\n\t\t\t\t<i aria-hidden=\"true\" class=\"fas fa-file-download\"><\/i>\t\t\t<\/span>\n\t\t\t\t\t\t\t\t\t<span class=\"elementor-button-text\">Descargar PDF<\/span>\n\t\t\t\t\t<\/span>\n\t\t\t\t\t<\/a>\n\t\t\t\t<\/div>\n\t\t\t\t\t\t\t\t<\/div>\n\t\t\t\t<\/div>\n\t\t\t\t<\/div>\n\t\t\t\t\t<\/div>\n\t\t\t\t<\/div>\n\t\t\t\t<\/div>\n\t\t","protected":false},"excerpt":{"rendered":"<p>Inicio > Publicaci\u00f3n de Sensibilizaci\u00f3n Uno de los principales objetivos del proyecto AGRIWATER es sensibilizar a los agricultores\/propietarios de tierras y a todas las partes interesadas estrechamente relacionadas con la agricultura sobre los problemas del cambio clim\u00e1tico. M\u00e1s concretamente, el proyecto informa a los interesados sobre las repercusiones del cambio clim\u00e1tico en el paisaje agr\u00edcola, [&hellip;]<\/p>\n","protected":false},"author":1,"featured_media":0,"parent":0,"menu_order":0,"comment_status":"closed","ping_status":"closed","template":"elementor_header_footer","meta":{"_acf_changed":false,"footnotes":""},"class_list":["post-10353","page","type-page","status-publish","hentry"],"acf":[],"yoast_head":"<!-- This site is optimized with the Yoast SEO plugin v24.7 - https:\/\/yoast.com\/wordpress\/plugins\/seo\/ -->\n<title>Publicaci\u00f3n de Sensibilizaci\u00f3n - LearningHub - AGRIWATER<\/title>\n<meta name=\"robots\" content=\"index, follow, max-snippet:-1, max-image-preview:large, max-video-preview:-1\" \/>\n<link rel=\"canonical\" href=\"https:\/\/learning.agriwater.eu\/es\/publicacion-de-sensibilizacion\" \/>\n<meta property=\"og:locale\" content=\"es_ES\" \/>\n<meta property=\"og:type\" content=\"article\" \/>\n<meta property=\"og:title\" content=\"Publicaci\u00f3n de Sensibilizaci\u00f3n - LearningHub - AGRIWATER\" \/>\n<meta property=\"og:description\" content=\"Inicio &gt; Publicaci\u00f3n de Sensibilizaci\u00f3n Uno de los principales objetivos del proyecto AGRIWATER es sensibilizar a los agricultores\/propietarios de tierras y a todas las partes interesadas estrechamente relacionadas con la agricultura sobre los problemas del cambio clim\u00e1tico. M\u00e1s concretamente, el proyecto informa a los interesados sobre las repercusiones del cambio clim\u00e1tico en el paisaje agr\u00edcola, [&hellip;]\" \/>\n<meta property=\"og:url\" content=\"https:\/\/learning.agriwater.eu\/es\/publicacion-de-sensibilizacion\" \/>\n<meta property=\"og:site_name\" content=\"LearningHub - AGRIWATER\" \/>\n<meta property=\"article:modified_time\" content=\"2025-03-24T12:39:52+00:00\" \/>\n<meta name=\"twitter:card\" content=\"summary_large_image\" \/>\n<meta name=\"twitter:label1\" content=\"Tiempo de lectura\" \/>\n\t<meta name=\"twitter:data1\" content=\"1 minuto\" \/>\n<script type=\"application\/ld+json\" class=\"yoast-schema-graph\">{\"@context\":\"https:\/\/schema.org\",\"@graph\":[{\"@type\":\"WebPage\",\"@id\":\"https:\/\/learning.agriwater.eu\/es\/publicacion-de-sensibilizacion\",\"url\":\"https:\/\/learning.agriwater.eu\/es\/publicacion-de-sensibilizacion\",\"name\":\"Publicaci\u00f3n de Sensibilizaci\u00f3n - LearningHub - AGRIWATER\",\"isPartOf\":{\"@id\":\"https:\/\/learning.agriwater.eu\/#website\"},\"datePublished\":\"2022-09-29T07:13:44+00:00\",\"dateModified\":\"2025-03-24T12:39:52+00:00\",\"breadcrumb\":{\"@id\":\"https:\/\/learning.agriwater.eu\/es\/publicacion-de-sensibilizacion#breadcrumb\"},\"inLanguage\":\"es\",\"potentialAction\":[{\"@type\":\"ReadAction\",\"target\":[\"https:\/\/learning.agriwater.eu\/es\/publicacion-de-sensibilizacion\"]}]},{\"@type\":\"BreadcrumbList\",\"@id\":\"https:\/\/learning.agriwater.eu\/es\/publicacion-de-sensibilizacion#breadcrumb\",\"itemListElement\":[{\"@type\":\"ListItem\",\"position\":1,\"name\":\"Home\",\"item\":\"https:\/\/learning.agriwater.eu\/es\"},{\"@type\":\"ListItem\",\"position\":2,\"name\":\"Publicaci\u00f3n de Sensibilizaci\u00f3n\"}]},{\"@type\":\"WebSite\",\"@id\":\"https:\/\/learning.agriwater.eu\/#website\",\"url\":\"https:\/\/learning.agriwater.eu\/\",\"name\":\"LearningHub - AGRIWATER\",\"description\":\"\",\"publisher\":{\"@id\":\"https:\/\/learning.agriwater.eu\/#organization\"},\"potentialAction\":[{\"@type\":\"SearchAction\",\"target\":{\"@type\":\"EntryPoint\",\"urlTemplate\":\"https:\/\/learning.agriwater.eu\/?s={search_term_string}\"},\"query-input\":{\"@type\":\"PropertyValueSpecification\",\"valueRequired\":true,\"valueName\":\"search_term_string\"}}],\"inLanguage\":\"es\"},{\"@type\":\"Organization\",\"@id\":\"https:\/\/learning.agriwater.eu\/#organization\",\"name\":\"LearningHub - AGRIWATER\",\"url\":\"https:\/\/learning.agriwater.eu\/\",\"logo\":{\"@type\":\"ImageObject\",\"inLanguage\":\"es\",\"@id\":\"https:\/\/learning.agriwater.eu\/#\/schema\/logo\/image\/\",\"url\":\"https:\/\/learning.agriwater.eu\/wp-content\/uploads\/2021\/09\/cropped-Agriwater_RGB.png\",\"contentUrl\":\"https:\/\/learning.agriwater.eu\/wp-content\/uploads\/2021\/09\/cropped-Agriwater_RGB.png\",\"width\":2068,\"height\":769,\"caption\":\"LearningHub - AGRIWATER\"},\"image\":{\"@id\":\"https:\/\/learning.agriwater.eu\/#\/schema\/logo\/image\/\"}}]}<\/script>\n<!-- \/ Yoast SEO plugin. -->","yoast_head_json":{"title":"Publicaci\u00f3n de Sensibilizaci\u00f3n - LearningHub - AGRIWATER","robots":{"index":"index","follow":"follow","max-snippet":"max-snippet:-1","max-image-preview":"max-image-preview:large","max-video-preview":"max-video-preview:-1"},"canonical":"https:\/\/learning.agriwater.eu\/es\/publicacion-de-sensibilizacion","og_locale":"es_ES","og_type":"article","og_title":"Publicaci\u00f3n de Sensibilizaci\u00f3n - LearningHub - AGRIWATER","og_description":"Inicio > Publicaci\u00f3n de Sensibilizaci\u00f3n Uno de los principales objetivos del proyecto AGRIWATER es sensibilizar a los agricultores\/propietarios de tierras y a todas las partes interesadas estrechamente relacionadas con la agricultura sobre los problemas del cambio clim\u00e1tico. M\u00e1s concretamente, el proyecto informa a los interesados sobre las repercusiones del cambio clim\u00e1tico en el paisaje agr\u00edcola, [&hellip;]","og_url":"https:\/\/learning.agriwater.eu\/es\/publicacion-de-sensibilizacion","og_site_name":"LearningHub - AGRIWATER","article_modified_time":"2025-03-24T12:39:52+00:00","twitter_card":"summary_large_image","twitter_misc":{"Tiempo de lectura":"1 minuto"},"schema":{"@context":"https:\/\/schema.org","@graph":[{"@type":"WebPage","@id":"https:\/\/learning.agriwater.eu\/es\/publicacion-de-sensibilizacion","url":"https:\/\/learning.agriwater.eu\/es\/publicacion-de-sensibilizacion","name":"Publicaci\u00f3n de Sensibilizaci\u00f3n - LearningHub - AGRIWATER","isPartOf":{"@id":"https:\/\/learning.agriwater.eu\/#website"},"datePublished":"2022-09-29T07:13:44+00:00","dateModified":"2025-03-24T12:39:52+00:00","breadcrumb":{"@id":"https:\/\/learning.agriwater.eu\/es\/publicacion-de-sensibilizacion#breadcrumb"},"inLanguage":"es","potentialAction":[{"@type":"ReadAction","target":["https:\/\/learning.agriwater.eu\/es\/publicacion-de-sensibilizacion"]}]},{"@type":"BreadcrumbList","@id":"https:\/\/learning.agriwater.eu\/es\/publicacion-de-sensibilizacion#breadcrumb","itemListElement":[{"@type":"ListItem","position":1,"name":"Home","item":"https:\/\/learning.agriwater.eu\/es"},{"@type":"ListItem","position":2,"name":"Publicaci\u00f3n de Sensibilizaci\u00f3n"}]},{"@type":"WebSite","@id":"https:\/\/learning.agriwater.eu\/#website","url":"https:\/\/learning.agriwater.eu\/","name":"LearningHub - AGRIWATER","description":"","publisher":{"@id":"https:\/\/learning.agriwater.eu\/#organization"},"potentialAction":[{"@type":"SearchAction","target":{"@type":"EntryPoint","urlTemplate":"https:\/\/learning.agriwater.eu\/?s={search_term_string}"},"query-input":{"@type":"PropertyValueSpecification","valueRequired":true,"valueName":"search_term_string"}}],"inLanguage":"es"},{"@type":"Organization","@id":"https:\/\/learning.agriwater.eu\/#organization","name":"LearningHub - AGRIWATER","url":"https:\/\/learning.agriwater.eu\/","logo":{"@type":"ImageObject","inLanguage":"es","@id":"https:\/\/learning.agriwater.eu\/#\/schema\/logo\/image\/","url":"https:\/\/learning.agriwater.eu\/wp-content\/uploads\/2021\/09\/cropped-Agriwater_RGB.png","contentUrl":"https:\/\/learning.agriwater.eu\/wp-content\/uploads\/2021\/09\/cropped-Agriwater_RGB.png","width":2068,"height":769,"caption":"LearningHub - AGRIWATER"},"image":{"@id":"https:\/\/learning.agriwater.eu\/#\/schema\/logo\/image\/"}}]}},"_links":{"self":[{"href":"https:\/\/learning.agriwater.eu\/es\/wp-json\/wp\/v2\/pages\/10353","targetHints":{"allow":["GET"]}}],"collection":[{"href":"https:\/\/learning.agriwater.eu\/es\/wp-json\/wp\/v2\/pages"}],"about":[{"href":"https:\/\/learning.agriwater.eu\/es\/wp-json\/wp\/v2\/types\/page"}],"author":[{"embeddable":true,"href":"https:\/\/learning.agriwater.eu\/es\/wp-json\/wp\/v2\/users\/1"}],"replies":[{"embeddable":true,"href":"https:\/\/learning.agriwater.eu\/es\/wp-json\/wp\/v2\/comments?post=10353"}],"version-history":[{"count":3,"href":"https:\/\/learning.agriwater.eu\/es\/wp-json\/wp\/v2\/pages\/10353\/revisions"}],"predecessor-version":[{"id":11229,"href":"https:\/\/learning.agriwater.eu\/es\/wp-json\/wp\/v2\/pages\/10353\/revisions\/11229"}],"wp:attachment":[{"href":"https:\/\/learning.agriwater.eu\/es\/wp-json\/wp\/v2\/media?parent=10353"}],"curies":[{"name":"wp","href":"https:\/\/api.w.org\/{rel}","templated":true}]}}