{"id":9760,"date":"2022-09-16T09:16:16","date_gmt":"2022-09-16T09:16:16","guid":{"rendered":"https:\/\/learning.agriwater.eu\/?page_id=9760"},"modified":"2022-09-16T09:23:03","modified_gmt":"2022-09-16T09:23:03","slug":"fiches-dinformation","status":"publish","type":"page","link":"https:\/\/learning.agriwater.eu\/fr\/fiches-dinformation","title":{"rendered":"Fiches d&rsquo;information"},"content":{"rendered":"\t\t<div data-elementor-type=\"wp-page\" data-elementor-id=\"9760\" class=\"elementor elementor-9760 elementor-5068\" data-elementor-post-type=\"page\">\n\t\t\t\t\t\t<section data-dce-background-color=\"#000000\" data-dce-background-overlay-color=\"#000000\" data-dce-background-image-url=\"https:\/\/learning.agriwater.eu\/wp-content\/uploads\/2021\/09\/shutterstock_1366229246-scaled.jpg\" class=\"elementor-section elementor-top-section elementor-element elementor-element-0cfc9ec elementor-section-height-min-height elementor-section-items-top elementor-section-boxed elementor-section-height-default\" data-id=\"0cfc9ec\" data-element_type=\"section\" data-settings=\"{&quot;background_background&quot;:&quot;classic&quot;,&quot;shape_divider_bottom&quot;:&quot;waves&quot;}\">\n\t\t\t\t\t\t\t<div class=\"elementor-background-overlay\"><\/div>\n\t\t\t\t\t\t<div class=\"elementor-shape elementor-shape-bottom\" data-negative=\"false\">\n\t\t\t<svg xmlns=\"http:\/\/www.w3.org\/2000\/svg\" viewBox=\"0 0 1000 100\" preserveAspectRatio=\"none\">\n\t<path class=\"elementor-shape-fill\" d=\"M421.9,6.5c22.6-2.5,51.5,0.4,75.5,5.3c23.6,4.9,70.9,23.5,100.5,35.7c75.8,32.2,133.7,44.5,192.6,49.7\n\tc23.6,2.1,48.7,3.5,103.4-2.5c54.7-6,106.2-25.6,106.2-25.6V0H0v30.3c0,0,72,32.6,158.4,30.5c39.2-0.7,92.8-6.7,134-22.4\n\tc21.2-8.1,52.2-18.2,79.7-24.2C399.3,7.9,411.6,7.5,421.9,6.5z\"\/>\n<\/svg>\t\t<\/div>\n\t\t\t\t\t<div class=\"elementor-container elementor-column-gap-default\">\n\t\t\t\t\t<div class=\"elementor-column elementor-col-100 elementor-top-column elementor-element elementor-element-643b5c2\" data-id=\"643b5c2\" data-element_type=\"column\">\n\t\t\t<div class=\"elementor-widget-wrap elementor-element-populated\">\n\t\t\t\t\t\t<div class=\"elementor-element elementor-element-842107d elementor-widget elementor-widget-spacer\" data-id=\"842107d\" data-element_type=\"widget\" data-widget_type=\"spacer.default\">\n\t\t\t\t<div class=\"elementor-widget-container\">\n\t\t\t\t\t\t\t<div class=\"elementor-spacer\">\n\t\t\t<div class=\"elementor-spacer-inner\"><\/div>\n\t\t<\/div>\n\t\t\t\t\t\t<\/div>\n\t\t\t\t<\/div>\n\t\t\t\t<section class=\"elementor-section elementor-inner-section elementor-element elementor-element-02a9034 elementor-section-boxed elementor-section-height-default elementor-section-height-default\" data-id=\"02a9034\" data-element_type=\"section\">\n\t\t\t\t\t\t<div class=\"elementor-container elementor-column-gap-default\">\n\t\t\t\t\t<div class=\"elementor-column elementor-col-100 elementor-inner-column elementor-element elementor-element-e6d83b8\" data-id=\"e6d83b8\" data-element_type=\"column\">\n\t\t\t<div class=\"elementor-widget-wrap elementor-element-populated\">\n\t\t\t\t\t\t<div class=\"elementor-element elementor-element-29a5c39 elementor-widget__width-auto elementor-widget elementor-widget-heading\" data-id=\"29a5c39\" data-element_type=\"widget\" data-widget_type=\"heading.default\">\n\t\t\t\t<div class=\"elementor-widget-container\">\n\t\t\t\t\t<p class=\"elementor-heading-title elementor-size-default\"><a href=\"https:\/\/learning.agriwater.eu\/home-page\">Accueil<\/a><\/p>\t\t\t\t<\/div>\n\t\t\t\t<\/div>\n\t\t\t\t<div class=\"elementor-element elementor-element-7fdb856 elementor-widget__width-auto elementor-widget elementor-widget-heading\" data-id=\"7fdb856\" data-element_type=\"widget\" data-widget_type=\"heading.default\">\n\t\t\t\t<div class=\"elementor-widget-container\">\n\t\t\t\t\t<div class=\"elementor-heading-title elementor-size-default\">><\/div>\t\t\t\t<\/div>\n\t\t\t\t<\/div>\n\t\t\t\t\t<\/div>\n\t\t<\/div>\n\t\t\t\t\t<\/div>\n\t\t<\/section>\n\t\t\t\t\t<\/div>\n\t\t<\/div>\n\t\t\t\t\t<\/div>\n\t\t<\/section>\n\t\t\t\t<section class=\"elementor-section elementor-top-section elementor-element elementor-element-49cc081 elementor-section-boxed elementor-section-height-default elementor-section-height-default\" data-id=\"49cc081\" data-element_type=\"section\" data-settings=\"{&quot;background_background&quot;:&quot;classic&quot;}\">\n\t\t\t\t\t\t<div class=\"elementor-container elementor-column-gap-default\">\n\t\t\t\t\t<div class=\"elementor-column elementor-col-33 elementor-top-column elementor-element elementor-element-5114d9d\" data-id=\"5114d9d\" data-element_type=\"column\">\n\t\t\t<div class=\"elementor-widget-wrap\">\n\t\t\t\t\t\t\t<\/div>\n\t\t<\/div>\n\t\t\t\t<div class=\"elementor-column elementor-col-33 elementor-top-column elementor-element elementor-element-7c003e9\" data-id=\"7c003e9\" data-element_type=\"column\">\n\t\t\t<div class=\"elementor-widget-wrap\">\n\t\t\t\t\t\t\t<\/div>\n\t\t<\/div>\n\t\t\t\t<div class=\"elementor-column elementor-col-33 elementor-top-column elementor-element elementor-element-82ca909\" data-id=\"82ca909\" data-element_type=\"column\">\n\t\t\t<div class=\"elementor-widget-wrap elementor-element-populated\">\n\t\t\t\t\t\t<div class=\"elementor-element elementor-element-e4bdfdd elementor-align-justify elementor-widget elementor-widget-button\" data-id=\"e4bdfdd\" data-element_type=\"widget\" data-widget_type=\"button.default\">\n\t\t\t\t<div class=\"elementor-widget-container\">\n\t\t\t\t\t\t\t\t\t<div class=\"elementor-button-wrapper\">\n\t\t\t\t\t<a class=\"elementor-button elementor-button-link elementor-size-sm\" href=\"https:\/\/learning.agriwater.eu\/fr\/modules-de-formation\">\n\t\t\t\t\t\t<span class=\"elementor-button-content-wrapper\">\n\t\t\t\t\t\t<span class=\"elementor-button-icon\">\n\t\t\t\t<i aria-hidden=\"true\" class=\"fas fa-arrow-left\"><\/i>\t\t\t<\/span>\n\t\t\t\t\t\t\t\t\t<span class=\"elementor-button-text\">Aller aux modules<\/span>\n\t\t\t\t\t<\/span>\n\t\t\t\t\t<\/a>\n\t\t\t\t<\/div>\n\t\t\t\t\t\t\t\t<\/div>\n\t\t\t\t<\/div>\n\t\t\t\t\t<\/div>\n\t\t<\/div>\n\t\t\t\t\t<\/div>\n\t\t<\/section>\n\t\t\t\t<section class=\"elementor-section elementor-top-section elementor-element elementor-element-303df00 elementor-section-boxed elementor-section-height-default elementor-section-height-default\" data-id=\"303df00\" data-element_type=\"section\">\n\t\t\t\t\t\t<div class=\"elementor-container elementor-column-gap-default\">\n\t\t\t\t\t<div class=\"elementor-column elementor-col-100 elementor-top-column elementor-element elementor-element-916baf6\" data-id=\"916baf6\" data-element_type=\"column\">\n\t\t\t<div class=\"elementor-widget-wrap elementor-element-populated\">\n\t\t\t\t\t\t<div class=\"elementor-element elementor-element-0be1eb5 elementor-button-align-stretch elementor-widget elementor-widget-form\" data-id=\"0be1eb5\" data-element_type=\"widget\" data-settings=\"{&quot;step_next_label&quot;:&quot;Suivant&quot;,&quot;step_previous_label&quot;:&quot;Pr\\u00e9c\\u00e9dent&quot;,&quot;step_type&quot;:&quot;progress_bar&quot;,&quot;button_width&quot;:&quot;100&quot;,&quot;dce_confirm_dialog_enabled&quot;:&quot;no&quot;,&quot;label_icon_size&quot;:{&quot;unit&quot;:&quot;px&quot;,&quot;size&quot;:&quot;&quot;,&quot;sizes&quot;:[]},&quot;field_icon_size&quot;:{&quot;unit&quot;:&quot;px&quot;,&quot;size&quot;:&quot;&quot;,&quot;sizes&quot;:[]}}\" data-widget_type=\"form.default\">\n\t\t\t\t<div class=\"elementor-widget-container\">\n\t\t\t\t\t\t\t<form class=\"elementor-form elementor-form-steps\" method=\"post\" name=\"New Form\">\n\t\t\t<input type=\"hidden\" name=\"post_id\" value=\"9760\"\/>\n\t\t\t<input type=\"hidden\" name=\"form_id\" value=\"0be1eb5\"\/>\n\t\t\t<input type=\"hidden\" name=\"referer_title\" value=\"LearningHub &#8211; AGRIWATER\" \/>\n\n\t\t\t\n\t\t\t<div class=\"elementor-form-fields-wrapper elementor-labels-above\">\n\t\t\t\t\t\t\t\t<div class=\"elementor-field-type-step elementor-field-group elementor-column elementor-field-group-name elementor-col-100\">\n\t\t\t\t\t\t\t<div class=\"e-field-step elementor-hidden\" data-label=\"Step 1\" data-previousButton=\"Previous\" data-nextButton=\"Next\" data-iconUrl=\"\" data-iconLibrary=\"fas fa-star\" data-icon=\"\" ><\/div>\n\n\t\t\t\t\t\t<\/div>\n\t\t\t\t\t\t\t\t<div class=\"elementor-field-type-radio elementor-field-group elementor-column elementor-field-group-categories elementor-col-100 elementor-field-required elementor-mark-required\">\n\t\t\t\t\t\t\t\t\t\t\t\t<label for=\"form-field-categories\" class=\"elementor-field-label\">\n\t\t\t\t\t\t\t\tS\u00e9lectionnez la question \/ le d\u00e9fi \/ le probl\u00e8me\t\t\t\t\t\t\t<\/label>\n\t\t\t\t\t\t<div class=\"elementor-field-subgroup  elementor-subgroup-inline\"><span class=\"elementor-field-option\"><input type=\"radio\" value=\"changements-dans-la-disponibilite-de-leau-fr\" id=\"form-field-categories-0\" name=\"form_fields[categories]\" required=\"required\"> <label for=\"form-field-categories-0\">R\u00e9ponse aux changements dans la disponibilit\u00e9 de l'eau<\/label><\/span><span class=\"elementor-field-option\"><input type=\"radio\" value=\"inondations-et-aux-secheresses\" id=\"form-field-categories-1\" name=\"form_fields[categories]\" required=\"required\"> <label for=\"form-field-categories-1\">R\u00e9ponse aux inondations et aux s\u00e9cheresses<\/label><\/span><span class=\"elementor-field-option\"><input type=\"radio\" value=\"reponse-a-laugmentation-des-conditions-dirrigation\" id=\"form-field-categories-2\" name=\"form_fields[categories]\" required=\"required\"> <label for=\"form-field-categories-2\">R\u00e9ponse \u00e0 l'augmentation des conditions d'irrigation<\/label><\/span><span class=\"elementor-field-option\"><input type=\"radio\" value=\"deterioration-de-la-qualite-de-leau-et-du-sol\" id=\"form-field-categories-3\" name=\"form_fields[categories]\" required=\"required\"> <label for=\"form-field-categories-3\">R\u00e9ponse \u00e0 la d\u00e9t\u00e9rioration de la qualit\u00e9 de l'eau et du sol<\/label><\/span><span class=\"elementor-field-option\"><input type=\"radio\" value=\"perte-de-la-biodiversite\" id=\"form-field-categories-4\" name=\"form_fields[categories]\" required=\"required\"> <label for=\"form-field-categories-4\">R\u00e9ponse \u00e0 la perte de la biodiversit\u00e9<\/label><\/span><\/div>\t\t\t\t<\/div>\n\t\t\t\t\t\t\t\t<div class=\"elementor-field-type-step elementor-field-group elementor-column elementor-field-group-message elementor-col-100\">\n\t\t\t\t\t\t\t<div class=\"e-field-step elementor-hidden\" data-label=\"Step 2\" data-previousButton=\"\" data-nextButton=\"\" data-iconUrl=\"\" data-iconLibrary=\"fas fa-star\" data-icon=\"\" ><\/div>\n\n\t\t\t\t\t\t<\/div>\n\t\t\t\t\t\t\t\t<div class=\"elementor-field-type-radio elementor-field-group elementor-column elementor-field-group-strategies elementor-col-100 elementor-field-required elementor-mark-required\">\n\t\t\t\t\t\t\t\t\t\t\t\t<label for=\"form-field-strategies\" class=\"elementor-field-label\">\n\t\t\t\t\t\t\t\tApproche \/ Solutions\t\t\t\t\t\t\t<\/label>\n\t\t\t\t\t\t<div class=\"elementor-field-subgroup  \"><span class=\"elementor-field-option\"><input type=\"radio\" value=\"Technologique\" id=\"form-field-strategies-0\" name=\"form_fields[strategies]\" required=\"required\"> <label for=\"form-field-strategies-0\">Technologique<\/label><\/span><span class=\"elementor-field-option\"><input type=\"radio\" value=\"Technique\" id=\"form-field-strategies-1\" name=\"form_fields[strategies]\" required=\"required\"> <label for=\"form-field-strategies-1\">Technique<\/label><\/span><span class=\"elementor-field-option\"><input type=\"radio\" value=\"Agronomique\" id=\"form-field-strategies-2\" name=\"form_fields[strategies]\" required=\"required\"> <label for=\"form-field-strategies-2\">Agronomique<\/label><\/span><span class=\"elementor-field-option\"><input type=\"radio\" value=\"Economique\" id=\"form-field-strategies-3\" name=\"form_fields[strategies]\" required=\"required\"> <label for=\"form-field-strategies-3\">Economique<\/label><\/span><\/div>\t\t\t\t<\/div>\n\t\t\t\t\t\t\t\t<div class=\"elementor-field-type-dce_js_field elementor-field-group elementor-column elementor-field-group-rescode elementor-col-100\">\n\t\t\t\t\t\t\t\t\t\t\t\t<label for=\"form-field-rescode\" class=\"elementor-field-label\">\n\t\t\t\t\t\t\t\tResult Code\t\t\t\t\t\t\t<\/label>\n\t\t\t\t\t\t<input size=\"1\"type=\"dce_js_field text\" name=\"form_fields[rescode]\" id=\"form-field-rescode\" class=\"elementor-field elementor-size-sm  elementor-field-textual\" data-hide=\"yes\" data-field-code=\"return () =&gt; {\n    return getField(&quot;categories&quot;) + getField(&quot;strategies&quot;);\n};\" data-real-time=\"\" readonly=\"\">\t\t\t\t<\/div>\n\t\t\t\t\t\t\t\t<div class=\"elementor-field-group elementor-column elementor-field-type-submit elementor-col-100 e-form__buttons\">\n\t\t\t\t\t<button class=\"elementor-button elementor-size-sm\" type=\"submit\">\n\t\t\t\t\t\t<span class=\"elementor-button-content-wrapper\">\n\t\t\t\t\t\t\t\t\t\t\t\t\t\t\t\t\t\t\t\t\t\t<span class=\"elementor-button-text\">Terminer<\/span>\n\t\t\t\t\t\t\t\t\t\t\t\t\t<\/span>\n\t\t\t\t\t<\/button>\n\t\t\t\t<\/div>\n\t\t\t<\/div>\n\t\t<\/form>\n\t\t\t\t\t\t<\/div>\n\t\t\t\t<\/div>\n\t\t\t\t<div class=\"elementor-element elementor-element-1dbf593 elementor-align-justify elementor-mobile-align-justify elementor-widget elementor-widget-button\" data-id=\"1dbf593\" data-element_type=\"widget\" data-widget_type=\"button.default\">\n\t\t\t\t<div class=\"elementor-widget-container\">\n\t\t\t\t\t\t\t\t\t<div class=\"elementor-button-wrapper\">\n\t\t\t\t\t<a class=\"elementor-button elementor-button-link elementor-size-sm\" href=\"https:\/\/learning.agriwater.eu\/fr\/all-factsheets\">\n\t\t\t\t\t\t<span class=\"elementor-button-content-wrapper\">\n\t\t\t\t\t\t<span class=\"elementor-button-icon\">\n\t\t\t\t<i aria-hidden=\"true\" class=\"fas fa-clipboard-check\"><\/i>\t\t\t<\/span>\n\t\t\t\t\t\t\t\t\t<span class=\"elementor-button-text\">Voir toutes les fiches d'information<\/span>\n\t\t\t\t\t<\/span>\n\t\t\t\t\t<\/a>\n\t\t\t\t<\/div>\n\t\t\t\t\t\t\t\t<\/div>\n\t\t\t\t<\/div>\n\t\t\t\t\t<\/div>\n\t\t<\/div>\n\t\t\t\t\t<\/div>\n\t\t<\/section>\n\t\t\t\t<\/div>\n\t\t","protected":false},"excerpt":{"rendered":"<p>Accueil > Aller aux modules Voir toutes les fiches d&rsquo;information<\/p>\n","protected":false},"author":1,"featured_media":0,"parent":0,"menu_order":0,"comment_status":"closed","ping_status":"closed","template":"elementor_header_footer","meta":{"_acf_changed":false,"footnotes":""},"class_list":["post-9760","page","type-page","status-publish","hentry"],"acf":[],"yoast_head":"<!-- This site is optimized with the Yoast SEO plugin v24.7 - https:\/\/yoast.com\/wordpress\/plugins\/seo\/ -->\n<title>Fiches d&#039;information - LearningHub - AGRIWATER<\/title>\n<meta name=\"robots\" content=\"index, follow, max-snippet:-1, max-image-preview:large, max-video-preview:-1\" \/>\n<link rel=\"canonical\" href=\"https:\/\/learning.agriwater.eu\/factsheets\" \/>\n<meta property=\"og:locale\" content=\"fr_FR\" \/>\n<meta property=\"og:type\" content=\"article\" \/>\n<meta property=\"og:title\" content=\"Fiches d&#039;information - LearningHub - AGRIWATER\" \/>\n<meta property=\"og:description\" content=\"Accueil &gt; Aller aux modules Voir toutes les fiches d&rsquo;information\" \/>\n<meta property=\"og:url\" content=\"https:\/\/learning.agriwater.eu\/factsheets\" \/>\n<meta property=\"og:site_name\" content=\"LearningHub - AGRIWATER\" \/>\n<meta property=\"article:modified_time\" content=\"2022-09-16T09:23:03+00:00\" \/>\n<meta name=\"twitter:card\" content=\"summary_large_image\" \/>\n<script type=\"application\/ld+json\" class=\"yoast-schema-graph\">{\"@context\":\"https:\/\/schema.org\",\"@graph\":[{\"@type\":\"WebPage\",\"@id\":\"https:\/\/learning.agriwater.eu\/factsheets\",\"url\":\"https:\/\/learning.agriwater.eu\/factsheets\",\"name\":\"Fiches d'information - LearningHub - AGRIWATER\",\"isPartOf\":{\"@id\":\"https:\/\/learning.agriwater.eu\/#website\"},\"datePublished\":\"2022-09-16T09:16:16+00:00\",\"dateModified\":\"2022-09-16T09:23:03+00:00\",\"breadcrumb\":{\"@id\":\"https:\/\/learning.agriwater.eu\/factsheets#breadcrumb\"},\"inLanguage\":\"fr-FR\",\"potentialAction\":[{\"@type\":\"ReadAction\",\"target\":[\"https:\/\/learning.agriwater.eu\/factsheets\"]}]},{\"@type\":\"BreadcrumbList\",\"@id\":\"https:\/\/learning.agriwater.eu\/factsheets#breadcrumb\",\"itemListElement\":[{\"@type\":\"ListItem\",\"position\":1,\"name\":\"Home\",\"item\":\"https:\/\/learning.agriwater.eu\/fr\"},{\"@type\":\"ListItem\",\"position\":2,\"name\":\"Fiches d&#8217;information\"}]},{\"@type\":\"WebSite\",\"@id\":\"https:\/\/learning.agriwater.eu\/#website\",\"url\":\"https:\/\/learning.agriwater.eu\/\",\"name\":\"LearningHub - AGRIWATER\",\"description\":\"\",\"publisher\":{\"@id\":\"https:\/\/learning.agriwater.eu\/#organization\"},\"potentialAction\":[{\"@type\":\"SearchAction\",\"target\":{\"@type\":\"EntryPoint\",\"urlTemplate\":\"https:\/\/learning.agriwater.eu\/?s={search_term_string}\"},\"query-input\":{\"@type\":\"PropertyValueSpecification\",\"valueRequired\":true,\"valueName\":\"search_term_string\"}}],\"inLanguage\":\"fr-FR\"},{\"@type\":\"Organization\",\"@id\":\"https:\/\/learning.agriwater.eu\/#organization\",\"name\":\"LearningHub - AGRIWATER\",\"url\":\"https:\/\/learning.agriwater.eu\/\",\"logo\":{\"@type\":\"ImageObject\",\"inLanguage\":\"fr-FR\",\"@id\":\"https:\/\/learning.agriwater.eu\/#\/schema\/logo\/image\/\",\"url\":\"https:\/\/learning.agriwater.eu\/wp-content\/uploads\/2021\/09\/cropped-Agriwater_RGB.png\",\"contentUrl\":\"https:\/\/learning.agriwater.eu\/wp-content\/uploads\/2021\/09\/cropped-Agriwater_RGB.png\",\"width\":2068,\"height\":769,\"caption\":\"LearningHub - AGRIWATER\"},\"image\":{\"@id\":\"https:\/\/learning.agriwater.eu\/#\/schema\/logo\/image\/\"}}]}<\/script>\n<!-- \/ Yoast SEO plugin. -->","yoast_head_json":{"title":"Fiches d'information - LearningHub - AGRIWATER","robots":{"index":"index","follow":"follow","max-snippet":"max-snippet:-1","max-image-preview":"max-image-preview:large","max-video-preview":"max-video-preview:-1"},"canonical":"https:\/\/learning.agriwater.eu\/factsheets","og_locale":"fr_FR","og_type":"article","og_title":"Fiches d'information - LearningHub - AGRIWATER","og_description":"Accueil > Aller aux modules Voir toutes les fiches d&rsquo;information","og_url":"https:\/\/learning.agriwater.eu\/factsheets","og_site_name":"LearningHub - AGRIWATER","article_modified_time":"2022-09-16T09:23:03+00:00","twitter_card":"summary_large_image","schema":{"@context":"https:\/\/schema.org","@graph":[{"@type":"WebPage","@id":"https:\/\/learning.agriwater.eu\/factsheets","url":"https:\/\/learning.agriwater.eu\/factsheets","name":"Fiches d'information - LearningHub - AGRIWATER","isPartOf":{"@id":"https:\/\/learning.agriwater.eu\/#website"},"datePublished":"2022-09-16T09:16:16+00:00","dateModified":"2022-09-16T09:23:03+00:00","breadcrumb":{"@id":"https:\/\/learning.agriwater.eu\/factsheets#breadcrumb"},"inLanguage":"fr-FR","potentialAction":[{"@type":"ReadAction","target":["https:\/\/learning.agriwater.eu\/factsheets"]}]},{"@type":"BreadcrumbList","@id":"https:\/\/learning.agriwater.eu\/factsheets#breadcrumb","itemListElement":[{"@type":"ListItem","position":1,"name":"Home","item":"https:\/\/learning.agriwater.eu\/fr"},{"@type":"ListItem","position":2,"name":"Fiches d&#8217;information"}]},{"@type":"WebSite","@id":"https:\/\/learning.agriwater.eu\/#website","url":"https:\/\/learning.agriwater.eu\/","name":"LearningHub - AGRIWATER","description":"","publisher":{"@id":"https:\/\/learning.agriwater.eu\/#organization"},"potentialAction":[{"@type":"SearchAction","target":{"@type":"EntryPoint","urlTemplate":"https:\/\/learning.agriwater.eu\/?s={search_term_string}"},"query-input":{"@type":"PropertyValueSpecification","valueRequired":true,"valueName":"search_term_string"}}],"inLanguage":"fr-FR"},{"@type":"Organization","@id":"https:\/\/learning.agriwater.eu\/#organization","name":"LearningHub - AGRIWATER","url":"https:\/\/learning.agriwater.eu\/","logo":{"@type":"ImageObject","inLanguage":"fr-FR","@id":"https:\/\/learning.agriwater.eu\/#\/schema\/logo\/image\/","url":"https:\/\/learning.agriwater.eu\/wp-content\/uploads\/2021\/09\/cropped-Agriwater_RGB.png","contentUrl":"https:\/\/learning.agriwater.eu\/wp-content\/uploads\/2021\/09\/cropped-Agriwater_RGB.png","width":2068,"height":769,"caption":"LearningHub - AGRIWATER"},"image":{"@id":"https:\/\/learning.agriwater.eu\/#\/schema\/logo\/image\/"}}]}},"_links":{"self":[{"href":"https:\/\/learning.agriwater.eu\/fr\/wp-json\/wp\/v2\/pages\/9760","targetHints":{"allow":["GET"]}}],"collection":[{"href":"https:\/\/learning.agriwater.eu\/fr\/wp-json\/wp\/v2\/pages"}],"about":[{"href":"https:\/\/learning.agriwater.eu\/fr\/wp-json\/wp\/v2\/types\/page"}],"author":[{"embeddable":true,"href":"https:\/\/learning.agriwater.eu\/fr\/wp-json\/wp\/v2\/users\/1"}],"replies":[{"embeddable":true,"href":"https:\/\/learning.agriwater.eu\/fr\/wp-json\/wp\/v2\/comments?post=9760"}],"version-history":[{"count":0,"href":"https:\/\/learning.agriwater.eu\/fr\/wp-json\/wp\/v2\/pages\/9760\/revisions"}],"wp:attachment":[{"href":"https:\/\/learning.agriwater.eu\/fr\/wp-json\/wp\/v2\/media?parent=9760"}],"curies":[{"name":"wp","href":"https:\/\/api.w.org\/{rel}","templated":true}]}}